{"id":9091,"date":"2025-10-14T19:41:51","date_gmt":"2025-10-14T19:41:51","guid":{"rendered":"https:\/\/saffranshop.nl\/recepten-met-saffraan\/saffraancake\/"},"modified":"2025-10-18T20:01:53","modified_gmt":"2025-10-18T20:01:53","slug":"saffraancake","status":"publish","type":"page","link":"https:\/\/saffranshop.nl\/nl\/recepten-met-saffraan\/saffraancake\/","title":{"rendered":"Saffraancake"},"content":{"rendered":"\t\t<div data-elementor-type=\"wp-page\" data-elementor-id=\"9091\" class=\"elementor elementor-9091 elementor-8757\" data-elementor-post-type=\"page\">\n\t\t\t\t\t\t<section class=\"elementor-section elementor-top-section elementor-element elementor-element-72c4a94 elementor-section-height-min-height elementor-section-boxed elementor-section-height-default elementor-section-items-middle\" data-id=\"72c4a94\" data-element_type=\"section\" data-e-type=\"section\" data-settings=\"{&quot;jet_parallax_layout_list&quot;:[{&quot;jet_parallax_layout_image&quot;:{&quot;url&quot;:&quot;&quot;,&quot;id&quot;:&quot;&quot;,&quot;size&quot;:&quot;&quot;},&quot;_id&quot;:&quot;c376a4f&quot;,&quot;jet_parallax_layout_image_tablet&quot;:{&quot;url&quot;:&quot;&quot;,&quot;id&quot;:&quot;&quot;,&quot;size&quot;:&quot;&quot;},&quot;jet_parallax_layout_image_mobile&quot;:{&quot;url&quot;:&quot;&quot;,&quot;id&quot;:&quot;&quot;,&quot;size&quot;:&quot;&quot;},&quot;jet_parallax_layout_speed&quot;:{&quot;unit&quot;:&quot;%&quot;,&quot;size&quot;:50,&quot;sizes&quot;:[]},&quot;jet_parallax_layout_type&quot;:&quot;scroll&quot;,&quot;jet_parallax_layout_direction&quot;:&quot;1&quot;,&quot;jet_parallax_layout_fx_direction&quot;:null,&quot;jet_parallax_layout_z_index&quot;:&quot;&quot;,&quot;jet_parallax_layout_bg_x&quot;:50,&quot;jet_parallax_layout_bg_x_tablet&quot;:&quot;&quot;,&quot;jet_parallax_layout_bg_x_mobile&quot;:&quot;&quot;,&quot;jet_parallax_layout_bg_y&quot;:50,&quot;jet_parallax_layout_bg_y_tablet&quot;:&quot;&quot;,&quot;jet_parallax_layout_bg_y_mobile&quot;:&quot;&quot;,&quot;jet_parallax_layout_bg_size&quot;:&quot;auto&quot;,&quot;jet_parallax_layout_bg_size_tablet&quot;:&quot;&quot;,&quot;jet_parallax_layout_bg_size_mobile&quot;:&quot;&quot;,&quot;jet_parallax_layout_animation_prop&quot;:&quot;transform&quot;,&quot;jet_parallax_layout_on&quot;:[&quot;desktop&quot;,&quot;tablet&quot;]}],&quot;background_background&quot;:&quot;classic&quot;,&quot;shape_divider_bottom&quot;:&quot;split&quot;}\">\n\t\t\t\t\t\t\t<div class=\"elementor-background-overlay\"><\/div>\n\t\t\t\t\t\t<div class=\"elementor-shape elementor-shape-bottom\" aria-hidden=\"true\" data-negative=\"false\">\n\t\t\t<svg xmlns=\"http:\/\/www.w3.org\/2000\/svg\" viewBox=\"0 0 1000 20\" preserveAspectRatio=\"none\">\n\t<path class=\"elementor-shape-fill\" d=\"M0,0v3c0,0,393.8,0,483.4,0c9.2,0,16.6,7.4,16.6,16.6c0-9.1,7.4-16.6,16.6-16.6C606.2,3,1000,3,1000,3V0H0z\"\/>\n<\/svg>\t\t<\/div>\n\t\t\t\t\t<div class=\"elementor-container elementor-column-gap-default\">\n\t\t\t\t\t<div class=\"elementor-column elementor-col-100 elementor-top-column elementor-element elementor-element-59c6c9d\" data-id=\"59c6c9d\" data-element_type=\"column\" data-e-type=\"column\">\n\t\t\t<div class=\"elementor-widget-wrap elementor-element-populated\">\n\t\t\t\t\t\t<div class=\"elementor-element elementor-element-3c961ff elementor-widget elementor-widget-heading\" data-id=\"3c961ff\" data-element_type=\"widget\" data-e-type=\"widget\" data-widget_type=\"heading.default\">\n\t\t\t\t\t<h1 class=\"elementor-heading-title elementor-size-default\">Saffraancake<\/h1>\t\t\t\t<\/div>\n\t\t\t\t<div class=\"elementor-element elementor-element-a40a933 elementor-widget elementor-widget-image\" data-id=\"a40a933\" data-element_type=\"widget\" data-e-type=\"widget\" data-widget_type=\"image.default\">\n\t\t\t\t\t\t\t\t\t\t\t\t\t\t\t<img decoding=\"async\" src=\"https:\/\/ld-wp73.template-help.com\/woocommerce\/prod_11134\/v4\/wp-content\/uploads\/2020\/01\/title-lines.png\" title=\"\" alt=\"\" loading=\"lazy\" \/>\t\t\t\t\t\t\t\t\t\t\t\t\t\t\t<\/div>\n\t\t\t\t\t<\/div>\n\t\t<\/div>\n\t\t\t\t\t<\/div>\n\t\t<\/section>\n\t\t\t\t<section class=\"elementor-section elementor-top-section elementor-element elementor-element-f755500 elementor-section-boxed elementor-section-height-default elementor-section-height-default\" data-id=\"f755500\" data-element_type=\"section\" data-e-type=\"section\" data-settings=\"{&quot;jet_parallax_layout_list&quot;:[{&quot;jet_parallax_layout_image&quot;:{&quot;url&quot;:&quot;&quot;,&quot;id&quot;:&quot;&quot;,&quot;size&quot;:&quot;&quot;},&quot;_id&quot;:&quot;96a08ca&quot;,&quot;jet_parallax_layout_image_tablet&quot;:{&quot;url&quot;:&quot;&quot;,&quot;id&quot;:&quot;&quot;,&quot;size&quot;:&quot;&quot;},&quot;jet_parallax_layout_image_mobile&quot;:{&quot;url&quot;:&quot;&quot;,&quot;id&quot;:&quot;&quot;,&quot;size&quot;:&quot;&quot;},&quot;jet_parallax_layout_speed&quot;:{&quot;unit&quot;:&quot;%&quot;,&quot;size&quot;:50,&quot;sizes&quot;:[]},&quot;jet_parallax_layout_type&quot;:&quot;scroll&quot;,&quot;jet_parallax_layout_direction&quot;:&quot;1&quot;,&quot;jet_parallax_layout_fx_direction&quot;:null,&quot;jet_parallax_layout_z_index&quot;:&quot;&quot;,&quot;jet_parallax_layout_bg_x&quot;:50,&quot;jet_parallax_layout_bg_x_tablet&quot;:&quot;&quot;,&quot;jet_parallax_layout_bg_x_mobile&quot;:&quot;&quot;,&quot;jet_parallax_layout_bg_y&quot;:50,&quot;jet_parallax_layout_bg_y_tablet&quot;:&quot;&quot;,&quot;jet_parallax_layout_bg_y_mobile&quot;:&quot;&quot;,&quot;jet_parallax_layout_bg_size&quot;:&quot;auto&quot;,&quot;jet_parallax_layout_bg_size_tablet&quot;:&quot;&quot;,&quot;jet_parallax_layout_bg_size_mobile&quot;:&quot;&quot;,&quot;jet_parallax_layout_animation_prop&quot;:&quot;transform&quot;,&quot;jet_parallax_layout_on&quot;:[&quot;desktop&quot;,&quot;tablet&quot;]}],&quot;background_background&quot;:&quot;classic&quot;}\">\n\t\t\t\t\t\t<div class=\"elementor-container elementor-column-gap-default\">\n\t\t\t\t\t<div class=\"elementor-column elementor-col-100 elementor-top-column elementor-element elementor-element-8c5c4fb\" data-id=\"8c5c4fb\" data-element_type=\"column\" data-e-type=\"column\">\n\t\t\t<div class=\"elementor-widget-wrap elementor-element-populated\">\n\t\t\t\t\t\t<div class=\"elementor-element elementor-element-3e264bd elementor-widget elementor-widget-text-editor\" data-id=\"3e264bd\" data-element_type=\"widget\" data-e-type=\"widget\" data-widget_type=\"text-editor.default\">\n\t\t\t\t\t\t\t\t\t<h3 class=\"wp-block-heading\"><strong>ingredi\u00ebnten:<\/strong><\/h3><ul class=\"wp-block-list\"><li>Meel: 180 gram<\/li><li>Suiker: 110 gram<\/li><li>Eieren: drie<\/li><li>Vloeibare olie: een halve liter<\/li><li>Gebrouwen saffraan: een eetlepel<\/li><li>Kardemompoeder: een halve theelepel<\/li><li>Melk: een kwart kopje<\/li><li>Rozenwater: een eetlepel<\/li><li>Bakpoeder: een theelepel<\/li><\/ul><h3 class=\"wp-block-heading\"><strong>Hoe te bereiden:<\/strong><\/h3><p>Meng eerst de eieren met kardemom en suiker in een kom tot ze dik en romig zijn. Infuseer vervolgens rozenwater met saffraan en voeg melk toe aan de kom en meng door elkaar.<\/p><p>Nadat de ingredi\u00ebnten uniform zijn, voeg je de olie toe en meng je tot deze uniform is met de andere ingredi\u00ebnten. Meng vervolgens de bloem met het bakpoeder en voeg dit na twee keer zeven toe aan de kom met ingredi\u00ebnten.<\/p><p>Meng de ingredi\u00ebnten met een garde of een langzame mixer tot ze gelijkmatig zijn en het cakebeslag klaar is. Je kunt deze heerlijke cake aan \u00e9\u00e9n stuk of klein als een cupcake maken, afhankelijk van je smaak.<\/p><p>Zet de oven aan op een temperatuur van 180 graden Celsius gedurende tien minuten tot hij volledig is opgewarmd, doe dan papieren capsules in de muffinvormpjes en vul tweederde van de vormpjes met cakebeslag en plaats ze in de middelste laag van de oven.<\/p><p>Het duurt ongeveer 20 tot 25 minuten voordat de cupcakes gaar en klaar zijn. Als je de taart in een grote vorm en aan \u00e9\u00e9n stuk wilt maken, moet je hem 40 tot 45 minuten in de oven laten staan tot hij klaar is.<\/p><p>Eet smakelijk!<\/p>\t\t\t\t\t\t\t\t<\/div>\n\t\t\t\t\t<\/div>\n\t\t<\/div>\n\t\t\t\t\t<\/div>\n\t\t<\/section>\n\t\t\t\t<\/div>\n\t\t","protected":false},"excerpt":{"rendered":"<p>Saffraancake ingredi\u00ebnten: Meel: 180 gram Suiker: 110 gram Eieren: drie Vloeibare olie: een halve liter Gebrouwen saffraan: een eetlepel Kardemompoeder: een halve theelepel Melk: een kwart kopje Rozenwater: een eetlepel Bakpoeder: een theelepel Hoe te bereiden: Meng eerst de eieren met kardemom en suiker in een kom tot ze dik en romig zijn. Infuseer vervolgens [&hellip;]<\/p>\n","protected":false},"author":1,"featured_media":9037,"parent":9043,"menu_order":0,"comment_status":"closed","ping_status":"closed","template":"elementor_header_footer","meta":{"footnotes":""},"class_list":["post-9091","page","type-page","status-publish","has-post-thumbnail","hentry"],"_links":{"self":[{"href":"https:\/\/saffranshop.nl\/nl\/wp-json\/wp\/v2\/pages\/9091","targetHints":{"allow":["GET"]}}],"collection":[{"href":"https:\/\/saffranshop.nl\/nl\/wp-json\/wp\/v2\/pages"}],"about":[{"href":"https:\/\/saffranshop.nl\/nl\/wp-json\/wp\/v2\/types\/page"}],"author":[{"embeddable":true,"href":"https:\/\/saffranshop.nl\/nl\/wp-json\/wp\/v2\/users\/1"}],"replies":[{"embeddable":true,"href":"https:\/\/saffranshop.nl\/nl\/wp-json\/wp\/v2\/comments?post=9091"}],"version-history":[{"count":0,"href":"https:\/\/saffranshop.nl\/nl\/wp-json\/wp\/v2\/pages\/9091\/revisions"}],"up":[{"embeddable":true,"href":"https:\/\/saffranshop.nl\/nl\/wp-json\/wp\/v2\/pages\/9043"}],"wp:featuredmedia":[{"embeddable":true,"href":"https:\/\/saffranshop.nl\/nl\/wp-json\/wp\/v2\/media\/9037"}],"wp:attachment":[{"href":"https:\/\/saffranshop.nl\/nl\/wp-json\/wp\/v2\/media?parent=9091"}],"curies":[{"name":"wp","href":"https:\/\/api.w.org\/{rel}","templated":true}]}}